{"id":2227,"date":"2014-06-03T18:07:54","date_gmt":"2014-06-03T18:07:54","guid":{"rendered":"http:\/\/173.254.96.82\/~doublex0\/?page_id=2227"},"modified":"2026-01-15T19:03:03","modified_gmt":"2026-01-16T00:03:03","slug":"def-trac","status":"publish","type":"page","link":"https:\/\/www.doubletrac.net\/fr\/def-trac\/","title":{"rendered":"DEF-TRAC"},"content":{"rendered":"<h1>DEF-Trac<sup>\u2122<\/sup> Syst\u00e8me de tuyauterie DEF<\/h1>\n<p><strong>Le tout nouveau syst\u00e8me de tuyauterie flexible d'OmegaFlex pour le fluide d'\u00e9chappement diesel<\/strong> Le fluide d'\u00e9chappement diesel (DEF) est d\u00e9sormais obligatoire pour les camions lourds, les camionnettes, les SUV et les fourgonnettes aliment\u00e9s au diesel. Le DEF est utilis\u00e9 pour d\u00e9truire les \u00e9missions nocives dans les gaz d'\u00e9chappement et pour r\u00e9pondre aux derni\u00e8res normes environnementales de l'EPA. L'ensemble du syst\u00e8me, avec des raccords simples, peut \u00eatre install\u00e9 \u00e0 l'aide d'outils manuels standard. OmegaFlex<sup>\u00ae<\/sup> a la r\u00e9putation d'\u00eatre un leader dans la technologie des tuyauteries flexibles et a d\u00e9velopp\u00e9 un certain nombre de produits uniques de tubes ondul\u00e9s sp\u00e9cifiquement pour la distribution de carburants liquides et gazeux, y compris DEF-TracMC et DEF-TracMC.<sup>\u2122<\/sup>. <\/p>\n<div class=\"two_thirds\">\n<h3>Avantages en vedette<\/h3>\n<ul class=\"ul-norm\">\n<li>316 Tube en acier inoxydable tr\u00e8s flexible<\/li>\n<li>Raccords en acier inoxydable - \u00e0 fixer sur place<\/li>\n<li>Auto-\u00e9vasement - \u00e9tanch\u00e9it\u00e9 m\u00e9tal\/m\u00e9tal<\/li>\n<li>Gaine isol\u00e9e ou non isol\u00e9e<\/li>\n<li>Disponible avec ou sans tra\u00e7age thermique<\/li>\n<li>Aucun outil sp\u00e9cial n'est n\u00e9cessaire pour l'assemblage<\/li>\n<li>Les composants fluides sont conformes \u00e0 la norme ISO 22241-3<\/li>\n<\/ul>\n<h3 id=\"literature\">Litt\u00e9rature sur les produits<\/h3>\n<ul class=\"ul-norm\">\n<li><a href=\"https:\/\/www.doubletrac.net\/wp-content\/uploads\/185374_OmegaFlex_DBT-156_Proof.pdf\">Fiche technique DEF-Trac DBT-156Rev9-15<\/a><\/li>\n<li><a href=\"https:\/\/www.doubletrac.net\/wp-content\/uploads\/DBT-156-DefTrac-spanish.pdf\">Fiche technique DEF-Trac (espagnol)<\/a><\/li>\n<li><a href=\"https:\/\/www.doubletrac.net\/wp-content\/uploads\/DBT-156-DefTrac-french.pdf\">Fiche technique DEF-Trac (fran\u00e7ais)<\/a><\/li>\n<\/ul>\n<h3 id=\"pricing\">Prix des produits<\/h3>\n<ul class=\"ul-norm\">\n<li><a href=\"https:\/\/www.doubletrac.net\/wp-content\/uploads\/DBT-157-DEF-Trac-Price-Sheet-Rev-0126.pdf\">DEF-Trac Liste de prix, DBT-157, REV. 01-26<\/a><\/li>\n<\/ul>\n<h3 id=\"technical\">Documents techniques<\/h3>\n<ul class=\"ul-norm\">\n<li><a href=\"https:\/\/www.doubletrac.net\/wp-content\/uploads\/DEF-167-Def-Trac-Design-and-Install-Guide-Rev-0623.pdf\">DEF-Trac Guide de conception et d'installation DEF-167 Rev 0623<\/a><\/li>\n<li>\n<div class=\"TypographyPresentation TypographyPresentation--m RichText3-paragraph--withVSpacingNormal RichText3-paragraph\"><a href=\"https:\/\/www.doubletrac.net\/wp-content\/uploads\/DEF-167FR-DefTrac-DI-Guide-Rev-0623-FRENCH.pdf\">DEF-Trac Guide de conception et d'installation, fran\u00e7ais, DEF-167FR Rev 0623<\/a><\/div>\n<\/li>\n<li>\n<div class=\"TypographyPresentation TypographyPresentation--m RichText3-paragraph--withVSpacingNormal RichText3-paragraph\"><a class=\"PrimaryLink BaseLink\" href=\"https:\/\/www.doubletrac.net\/wp-content\/uploads\/DEF-167SP-DefTrac-DI-Guide-Rev-0623-SPANISH.pdf\" target=\"_blank\" rel=\"noreferrer noopener\">DEF-Trac Guide de conception et d'installation, espagnol, DEF-167SP Rev 0623<\/a><\/div>\n<\/li>\n<\/ul>\n<\/div>\n<div class=\"one_third\"><img loading=\"lazy\" decoding=\"async\" class=\"alignnone size-full wp-image-2523\" src=\"\/wp-content\/uploads\/deftrac2.jpg\" alt=\"DEF Pipe\" width=\"500\" height=\"333\" \/><\/div>","protected":false},"excerpt":{"rendered":"<p>DEF-Trac\u2122 DEF Piping System The Newest Flexible Piping System from OmegaFlex for Diesel Exhaust Fluid Diesel Exhaust Fluid (DEF) is now required by diesel-fueled heavy-duty trucks, pickups, SUVs and vans. DEF is used to destroy harmful emissions in the exhaust and to meet the latest EPA environmental standards. The entire system with simple fittings can [&hellip;]<\/p>\n","protected":false},"author":1,"featured_media":0,"parent":0,"menu_order":0,"comment_status":"open","ping_status":"closed","template":"","meta":{"footnotes":""},"class_list":["post-2227","page","type-page","status-publish","hentry"],"yoast_head":"<!-- This site is optimized with the Yoast SEO plugin v27.0 - https:\/\/yoast.com\/product\/yoast-seo-wordpress\/ -->\n<title>DEF Pipe | Diesel Exhaust Fluid Underground Piping - DEF-Trac<\/title>\n<meta name=\"description\" content=\"Diesel Exhaust Fluid (DEF) is now required by diesel-fueled trucks, pickups, SUVs and vans. Learn about the newest DEF flexible piping system from OmegaFlex!\" \/>\n<meta name=\"robots\" content=\"index, follow, max-snippet:-1, max-image-preview:large, max-video-preview:-1\" \/>\n<link rel=\"canonical\" href=\"http:\/\/www.doubletrac.net\/fr\/def-trac\/\" \/>\n<meta property=\"og:locale\" content=\"fr_CA\" \/>\n<meta property=\"og:type\" content=\"article\" \/>\n<meta property=\"og:title\" content=\"DEF Pipe | Diesel Exhaust Fluid Underground Piping - DEF-Trac\" \/>\n<meta property=\"og:description\" content=\"Diesel Exhaust Fluid (DEF) is now required by diesel-fueled trucks, pickups, SUVs and vans. Learn about the newest DEF flexible piping system from OmegaFlex!\" \/>\n<meta property=\"og:url\" content=\"http:\/\/www.doubletrac.net\/fr\/def-trac\/\" \/>\n<meta property=\"og:site_name\" content=\"DoubleTrac Petroleum Piping\" \/>\n<meta property=\"article:modified_time\" content=\"2026-01-16T00:03:03+00:00\" \/>\n<meta name=\"twitter:label1\" content=\"Est. reading time\" \/>\n\t<meta name=\"twitter:data1\" content=\"2 minutes\" \/>\n<script type=\"application\/ld+json\" class=\"yoast-schema-graph\">{\"@context\":\"https:\/\/schema.org\",\"@graph\":[{\"@type\":\"WebPage\",\"@id\":\"http:\/\/www.doubletrac.net\/fr\/def-trac\/\",\"url\":\"http:\/\/www.doubletrac.net\/fr\/def-trac\/\",\"name\":\"DEF Pipe | Diesel Exhaust Fluid Underground Piping - DEF-Trac\",\"isPartOf\":{\"@id\":\"https:\/\/www.doubletrac.net\/#website\"},\"datePublished\":\"2014-06-03T18:07:54+00:00\",\"dateModified\":\"2026-01-16T00:03:03+00:00\",\"description\":\"Diesel Exhaust Fluid (DEF) is now required by diesel-fueled trucks, pickups, SUVs and vans. Learn about the newest DEF flexible piping system from OmegaFlex!\",\"breadcrumb\":{\"@id\":\"http:\/\/www.doubletrac.net\/fr\/def-trac\/#breadcrumb\"},\"inLanguage\":\"fr-CA\",\"potentialAction\":[{\"@type\":\"ReadAction\",\"target\":[\"http:\/\/www.doubletrac.net\/fr\/def-trac\/\"]}]},{\"@type\":\"BreadcrumbList\",\"@id\":\"http:\/\/www.doubletrac.net\/fr\/def-trac\/#breadcrumb\",\"itemListElement\":[{\"@type\":\"ListItem\",\"position\":1,\"name\":\"Home\",\"item\":\"https:\/\/www.doubletrac.net\/\"},{\"@type\":\"ListItem\",\"position\":2,\"name\":\"DEF-TRAC\"}]},{\"@type\":\"WebSite\",\"@id\":\"https:\/\/www.doubletrac.net\/#website\",\"url\":\"https:\/\/www.doubletrac.net\/\",\"name\":\"DoubleTrac Petroleum Piping\",\"description\":\"\",\"potentialAction\":[{\"@type\":\"SearchAction\",\"target\":{\"@type\":\"EntryPoint\",\"urlTemplate\":\"https:\/\/www.doubletrac.net\/?s={search_term_string}\"},\"query-input\":{\"@type\":\"PropertyValueSpecification\",\"valueRequired\":true,\"valueName\":\"search_term_string\"}}],\"inLanguage\":\"fr-CA\"}]}<\/script>\n<!-- \/ Yoast SEO plugin. -->","yoast_head_json":{"title":"DEF Pipe | Diesel Exhaust Fluid Underground Piping - DEF-Trac","description":"Le fluide d'\u00e9chappement diesel (DEF) est maintenant requis pour les camions, les camionnettes, les VUS et les fourgonnettes aliment\u00e9s au diesel. D\u00e9couvrez le tout nouveau syst\u00e8me de tuyauterie flexible DEF d'OmegaFlex !","robots":{"index":"index","follow":"follow","max-snippet":"max-snippet:-1","max-image-preview":"max-image-preview:large","max-video-preview":"max-video-preview:-1"},"canonical":"http:\/\/www.doubletrac.net\/fr\/def-trac\/","og_locale":"fr_CA","og_type":"article","og_title":"DEF Pipe | Diesel Exhaust Fluid Underground Piping - DEF-Trac","og_description":"Diesel Exhaust Fluid (DEF) is now required by diesel-fueled trucks, pickups, SUVs and vans. Learn about the newest DEF flexible piping system from OmegaFlex!","og_url":"http:\/\/www.doubletrac.net\/fr\/def-trac\/","og_site_name":"DoubleTrac Petroleum Piping","article_modified_time":"2026-01-16T00:03:03+00:00","twitter_misc":{"Est. reading time":"2 minutes"},"schema":{"@context":"https:\/\/schema.org","@graph":[{"@type":"WebPage","@id":"http:\/\/www.doubletrac.net\/fr\/def-trac\/","url":"http:\/\/www.doubletrac.net\/fr\/def-trac\/","name":"DEF Pipe | Diesel Exhaust Fluid Underground Piping - DEF-Trac","isPartOf":{"@id":"https:\/\/www.doubletrac.net\/#website"},"datePublished":"2014-06-03T18:07:54+00:00","dateModified":"2026-01-16T00:03:03+00:00","description":"Le fluide d'\u00e9chappement diesel (DEF) est maintenant requis pour les camions, les camionnettes, les VUS et les fourgonnettes aliment\u00e9s au diesel. D\u00e9couvrez le tout nouveau syst\u00e8me de tuyauterie flexible DEF d'OmegaFlex !","breadcrumb":{"@id":"http:\/\/www.doubletrac.net\/fr\/def-trac\/#breadcrumb"},"inLanguage":"fr-CA","potentialAction":[{"@type":"ReadAction","target":["http:\/\/www.doubletrac.net\/fr\/def-trac\/"]}]},{"@type":"BreadcrumbList","@id":"http:\/\/www.doubletrac.net\/fr\/def-trac\/#breadcrumb","itemListElement":[{"@type":"ListItem","position":1,"name":"Home","item":"https:\/\/www.doubletrac.net\/"},{"@type":"ListItem","position":2,"name":"DEF-TRAC"}]},{"@type":"WebSite","@id":"https:\/\/www.doubletrac.net\/#website","url":"https:\/\/www.doubletrac.net\/","name":"DoubleTrac Petroleum Piping","description":"","potentialAction":[{"@type":"SearchAction","target":{"@type":"EntryPoint","urlTemplate":"https:\/\/www.doubletrac.net\/?s={search_term_string}"},"query-input":{"@type":"PropertyValueSpecification","valueRequired":true,"valueName":"search_term_string"}}],"inLanguage":"fr-CA"}]}},"_links":{"self":[{"href":"https:\/\/www.doubletrac.net\/fr\/wp-json\/wp\/v2\/pages\/2227","targetHints":{"allow":["GET"]}}],"collection":[{"href":"https:\/\/www.doubletrac.net\/fr\/wp-json\/wp\/v2\/pages"}],"about":[{"href":"https:\/\/www.doubletrac.net\/fr\/wp-json\/wp\/v2\/types\/page"}],"author":[{"embeddable":true,"href":"https:\/\/www.doubletrac.net\/fr\/wp-json\/wp\/v2\/users\/1"}],"replies":[{"embeddable":true,"href":"https:\/\/www.doubletrac.net\/fr\/wp-json\/wp\/v2\/comments?post=2227"}],"version-history":[{"count":0,"href":"https:\/\/www.doubletrac.net\/fr\/wp-json\/wp\/v2\/pages\/2227\/revisions"}],"wp:attachment":[{"href":"https:\/\/www.doubletrac.net\/fr\/wp-json\/wp\/v2\/media?parent=2227"}],"curies":[{"name":"wp","href":"https:\/\/api.w.org\/{rel}","templated":true}]}}