{"id":2229,"date":"2014-06-03T18:09:32","date_gmt":"2014-06-03T18:09:32","guid":{"rendered":"http:\/\/173.254.96.82\/~doublex0\/?page_id=2229"},"modified":"2014-07-23T11:51:02","modified_gmt":"2014-07-23T15:51:02","slug":"omegaflex","status":"publish","type":"page","link":"https:\/\/www.doubletrac.net\/fr\/omegaflex\/","title":{"rendered":"OmegaFlex"},"content":{"rendered":"<h1>OmegaFlex<sup>\u00ae<\/sup> Tuyauterie m\u00e9tallique flexible<\/h1>\n<div class=\"two_thirds\">\n<p><strong>L'exp\u00e9rience OmegaFlex<\/strong><\/p>\n<p>Depuis 1975, OmegaFlex<sup>\u00ae<\/sup> fournit des produits de tuyauterie m\u00e9tallique flexible de qualit\u00e9 qui r\u00e9pondent \u00e0 des applications industrielles, r\u00e9sidentielles et commerciales de haute technicit\u00e9. Nos divers produits comprennent des tuyaux m\u00e9talliques flexibles, des tresses, des tuyaux tress\u00e9s sur bobines, des tuyaux CounterStrike, des tuyaux en acier, des tuyaux en acier inoxydable et des tuyaux en acier inoxydable.<sup>\u00ae<\/sup>DoubleTrac<sup>\u00ae<\/sup>DEF-TRAC<sup>\u00ae<\/sup> et maintenant AutoSnaps<sup>\u00ae<\/sup>.<\/p>\n<p>Notre r\u00e9putation sur le march\u00e9 s'est construite gr\u00e2ce \u00e0 un soutien technique et \u00e0 une conception de produits exceptionnels, \u00e0 un excellent service \u00e0 la client\u00e8le, \u00e0 un stock complet et \u00e0 des livraisons dans les d\u00e9lais impartis. Les produits OmegaFlex<sup>\u00ae<\/sup> Le service \u00e0 la client\u00e8le exp\u00e9riment\u00e9 d'OmegaFlex, en collaboration avec le groupe de soutien aux ventes sur le terrain et le personnel d'ing\u00e9nierie, vous aidera \u00e0 r\u00e9pondre \u00e0 vos exigences sp\u00e9cifiques en mati\u00e8re d'application et de livraison. Gr\u00e2ce \u00e0 des technologies de fabrication innovantes, OmegaFlex<sup>\u00ae<\/sup> produit les solutions de la plus haute qualit\u00e9 et les plus rentables pour l'industrie.<\/p>\n<ul>\n<li>Notre \u00e9quipe d'ing\u00e9nieurs et de techniciens exp\u00e9riment\u00e9s con\u00e7oit et construit des \u00e9quipements de fabrication de pointe, con\u00e7oit et teste de nouveaux produits et effectue des analyses approfondies des produits.<\/li>\n<li>Notre \u00e9quipe d'ing\u00e9nieurs concepteurs utilise toutes les technologies de conception disponibles, y compris l'analyse par \u00e9l\u00e9ments finis et la dynamique des fluides computationnelle.<\/li>\n<li>Nos services d'ing\u00e9nierie ont \u00e9tabli des proc\u00e9dures pour la qualification compl\u00e8te des produits fabriqu\u00e9s par OmegaFlex.<sup>\u00ae<\/sup>.<\/li>\n<\/ul>\n<p>En raison de notre enregistrement \u00e0 la norme ISO9001, tous les nouveaux produits sont soumis \u00e0 un examen complet de la conception, \u00e0 une validation et \u00e0 une v\u00e9rification avant leur mise sur le march\u00e9. Conform\u00e9ment \u00e0 notre programme de qualit\u00e9, de conception et d'essais, une documentation est conserv\u00e9e sur tous les produits existants et nouveaux fabriqu\u00e9s par OmegaFlex.<sup>\u00ae<\/sup>. Cet engagement en faveur de la s\u00e9curit\u00e9 et de la valeur garantit que vous ne recevrez que les produits les meilleurs et les plus \u00e9conomiques du march\u00e9.<\/p>\n<h2>Nous proposons une gamme vari\u00e9e de produits<\/h2>\n<p>OmegaFlex<sup>\u00ae<\/sup> s'engage \u00e0 servir ses clients avec la plus grande s\u00e9lection de tailles et de mat\u00e9riaux dans l'industrie de la tuyauterie flexible en m\u00e9tal ondul\u00e9. Qu'il s'agisse de concevoir des assemblages de tuyaux sp\u00e9cialis\u00e9s de haute technicit\u00e9 pour des applications OEM, des conduites de gaz pour la construction de nouvelles maisons, de soutenir notre vaste r\u00e9seau de distributeurs de produits manufactur\u00e9s ou de concevoir notre nouveau syst\u00e8me de tuyauterie flexible DoubleTrac<sup>\u00ae<\/sup> tuyauterie de carburant souterraine, OmegaFlex<sup>\u00ae<\/sup> dispose de l'engagement et des ressources n\u00e9cessaires pour r\u00e9pondre aux besoins actuels les plus exigeants. Voici une liste de quelques-uns de nos produits :<\/p>\n<p><a href=\"https:\/\/www.omegaflex.com\/omindex.htm\" target=\"_blank\">Tuyau m\u00e9tallique industriel<\/a> - Assemblages de haute technicit\u00e9 pour de nombreuses applications, telles que les tuyaux de lance \u00e0 oxyg\u00e8ne des aci\u00e9ries, ainsi que les applications dans les installations p\u00e9trochimiques, sanitaires et cryog\u00e9niques.<\/div>\n<div class=\"one_third\"><img loading=\"lazy\" decoding=\"async\" class=\"alignnone size-full wp-image-2534\" src=\"\/wp-content\/uploads\/omegaflex.jpg\" alt=\"Flexible Metal Hose\" width=\"500\" height=\"333\" srcset=\"https:\/\/www.doubletrac.net\/wp-content\/uploads\/omegaflex.jpg 500w, https:\/\/www.doubletrac.net\/wp-content\/uploads\/omegaflex-300x199.jpg 300w\" sizes=\"auto, (max-width: 500px) 100vw, 500px\" \/>\n<\/div>","protected":false},"excerpt":{"rendered":"<p>Tuyauterie m\u00e9tallique flexible OmegaFlex<\/p>","protected":false},"author":1,"featured_media":0,"parent":0,"menu_order":0,"comment_status":"open","ping_status":"closed","template":"","meta":{"footnotes":""},"class_list":["post-2229","page","type-page","status-publish","hentry"],"yoast_head":"<!-- This site is optimized with the Yoast SEO plugin v27.0 - https:\/\/yoast.com\/product\/yoast-seo-wordpress\/ -->\n<title>Flexible Metal Hose | Fuel Hose | Steel Braided Hose - OmegaFlex<\/title>\n<meta name=\"description\" content=\"Since 1975, OmegaFlex\u00ae has been supplying flexible metal piping products that meet highly-engineered industrial, residential, and commercial applications.\" \/>\n<meta name=\"robots\" content=\"index, follow, max-snippet:-1, max-image-preview:large, max-video-preview:-1\" \/>\n<link rel=\"canonical\" href=\"https:\/\/www.doubletrac.net\/fr\/omegaflex\/\" \/>\n<meta property=\"og:locale\" content=\"fr_CA\" \/>\n<meta property=\"og:type\" content=\"article\" \/>\n<meta property=\"og:title\" content=\"Flexible Metal Hose | Fuel Hose | Steel Braided Hose - OmegaFlex\" \/>\n<meta property=\"og:description\" content=\"Since 1975, OmegaFlex\u00ae has been supplying flexible metal piping products that meet highly-engineered industrial, residential, and commercial applications.\" \/>\n<meta property=\"og:url\" content=\"https:\/\/www.doubletrac.net\/fr\/omegaflex\/\" \/>\n<meta property=\"og:site_name\" content=\"DoubleTrac Petroleum Piping\" \/>\n<meta property=\"article:modified_time\" content=\"2014-07-23T15:51:02+00:00\" \/>\n<meta name=\"twitter:label1\" content=\"Est. reading time\" \/>\n\t<meta name=\"twitter:data1\" content=\"2 minutes\" \/>\n<script type=\"application\/ld+json\" class=\"yoast-schema-graph\">{\"@context\":\"https:\/\/schema.org\",\"@graph\":[{\"@type\":\"WebPage\",\"@id\":\"https:\/\/www.doubletrac.net\/omegaflex\/\",\"url\":\"https:\/\/www.doubletrac.net\/omegaflex\/\",\"name\":\"Flexible Metal Hose | Fuel Hose | Steel Braided Hose - OmegaFlex\",\"isPartOf\":{\"@id\":\"https:\/\/www.doubletrac.net\/#website\"},\"datePublished\":\"2014-06-03T18:09:32+00:00\",\"dateModified\":\"2014-07-23T15:51:02+00:00\",\"description\":\"Since 1975, OmegaFlex\u00ae has been supplying flexible metal piping products that meet highly-engineered industrial, residential, and commercial applications.\",\"breadcrumb\":{\"@id\":\"https:\/\/www.doubletrac.net\/omegaflex\/#breadcrumb\"},\"inLanguage\":\"fr-CA\",\"potentialAction\":[{\"@type\":\"ReadAction\",\"target\":[\"https:\/\/www.doubletrac.net\/omegaflex\/\"]}]},{\"@type\":\"BreadcrumbList\",\"@id\":\"https:\/\/www.doubletrac.net\/omegaflex\/#breadcrumb\",\"itemListElement\":[{\"@type\":\"ListItem\",\"position\":1,\"name\":\"Home\",\"item\":\"https:\/\/www.doubletrac.net\/\"},{\"@type\":\"ListItem\",\"position\":2,\"name\":\"OmegaFlex\"}]},{\"@type\":\"WebSite\",\"@id\":\"https:\/\/www.doubletrac.net\/#website\",\"url\":\"https:\/\/www.doubletrac.net\/\",\"name\":\"DoubleTrac Petroleum Piping\",\"description\":\"\",\"potentialAction\":[{\"@type\":\"SearchAction\",\"target\":{\"@type\":\"EntryPoint\",\"urlTemplate\":\"https:\/\/www.doubletrac.net\/?s={search_term_string}\"},\"query-input\":{\"@type\":\"PropertyValueSpecification\",\"valueRequired\":true,\"valueName\":\"search_term_string\"}}],\"inLanguage\":\"fr-CA\"}]}<\/script>\n<!-- \/ Yoast SEO plugin. -->","yoast_head_json":{"title":"Tuyau m\u00e9tallique flexible | Tuyau \u00e0 carburant | Tuyau tress\u00e9 en acier - OmegaFlex","description":"Depuis 1975, OmegaFlex\u00ae fournit des produits de tuyauterie m\u00e9tallique flexible qui r\u00e9pondent \u00e0 des applications industrielles, r\u00e9sidentielles et commerciales de haute technicit\u00e9.","robots":{"index":"index","follow":"follow","max-snippet":"max-snippet:-1","max-image-preview":"max-image-preview:large","max-video-preview":"max-video-preview:-1"},"canonical":"https:\/\/www.doubletrac.net\/fr\/omegaflex\/","og_locale":"fr_CA","og_type":"article","og_title":"Flexible Metal Hose | Fuel Hose | Steel Braided Hose - OmegaFlex","og_description":"Since 1975, OmegaFlex\u00ae has been supplying flexible metal piping products that meet highly-engineered industrial, residential, and commercial applications.","og_url":"https:\/\/www.doubletrac.net\/fr\/omegaflex\/","og_site_name":"DoubleTrac Petroleum Piping","article_modified_time":"2014-07-23T15:51:02+00:00","twitter_misc":{"Est. reading time":"2 minutes"},"schema":{"@context":"https:\/\/schema.org","@graph":[{"@type":"WebPage","@id":"https:\/\/www.doubletrac.net\/omegaflex\/","url":"https:\/\/www.doubletrac.net\/omegaflex\/","name":"Tuyau m\u00e9tallique flexible | Tuyau \u00e0 carburant | Tuyau tress\u00e9 en acier - OmegaFlex","isPartOf":{"@id":"https:\/\/www.doubletrac.net\/#website"},"datePublished":"2014-06-03T18:09:32+00:00","dateModified":"2014-07-23T15:51:02+00:00","description":"Depuis 1975, OmegaFlex\u00ae fournit des produits de tuyauterie m\u00e9tallique flexible qui r\u00e9pondent \u00e0 des applications industrielles, r\u00e9sidentielles et commerciales de haute technicit\u00e9.","breadcrumb":{"@id":"https:\/\/www.doubletrac.net\/omegaflex\/#breadcrumb"},"inLanguage":"fr-CA","potentialAction":[{"@type":"ReadAction","target":["https:\/\/www.doubletrac.net\/omegaflex\/"]}]},{"@type":"BreadcrumbList","@id":"https:\/\/www.doubletrac.net\/omegaflex\/#breadcrumb","itemListElement":[{"@type":"ListItem","position":1,"name":"Home","item":"https:\/\/www.doubletrac.net\/"},{"@type":"ListItem","position":2,"name":"OmegaFlex"}]},{"@type":"WebSite","@id":"https:\/\/www.doubletrac.net\/#website","url":"https:\/\/www.doubletrac.net\/","name":"DoubleTrac Petroleum Piping","description":"","potentialAction":[{"@type":"SearchAction","target":{"@type":"EntryPoint","urlTemplate":"https:\/\/www.doubletrac.net\/?s={search_term_string}"},"query-input":{"@type":"PropertyValueSpecification","valueRequired":true,"valueName":"search_term_string"}}],"inLanguage":"fr-CA"}]}},"_links":{"self":[{"href":"https:\/\/www.doubletrac.net\/fr\/wp-json\/wp\/v2\/pages\/2229","targetHints":{"allow":["GET"]}}],"collection":[{"href":"https:\/\/www.doubletrac.net\/fr\/wp-json\/wp\/v2\/pages"}],"about":[{"href":"https:\/\/www.doubletrac.net\/fr\/wp-json\/wp\/v2\/types\/page"}],"author":[{"embeddable":true,"href":"https:\/\/www.doubletrac.net\/fr\/wp-json\/wp\/v2\/users\/1"}],"replies":[{"embeddable":true,"href":"https:\/\/www.doubletrac.net\/fr\/wp-json\/wp\/v2\/comments?post=2229"}],"version-history":[{"count":0,"href":"https:\/\/www.doubletrac.net\/fr\/wp-json\/wp\/v2\/pages\/2229\/revisions"}],"wp:attachment":[{"href":"https:\/\/www.doubletrac.net\/fr\/wp-json\/wp\/v2\/media?parent=2229"}],"curies":[{"name":"wp","href":"https:\/\/api.w.org\/{rel}","templated":true}]}}