{"id":2390,"date":"2014-06-05T14:53:01","date_gmt":"2014-06-05T14:53:01","guid":{"rendered":"http:\/\/173.254.96.82\/~doublex0\/?page_id=2390"},"modified":"2020-04-27T22:42:15","modified_gmt":"2020-04-28T02:42:15","slug":"district-of-columbia","status":"publish","type":"page","link":"https:\/\/www.doubletrac.net\/fr\/representatives\/district-of-columbia\/","title":{"rendered":"District de Columbia"},"content":{"rendered":"<h1>OmegaFlex<sup>\u00ae<\/sup> Fournisseur de tubes et tuyaux dans le district de Columbia<\/h1>\n<div class=\"two_thirds\">\n<p><strong>TR2 Corporation<\/strong><br \/>\nBrian Reinke<br \/>\n12 Andrews Drive<br \/>\nWoodland Park, NJ 07424<br \/>\nW : 973-686-0900<br \/>\nC : 973-768-8144<br \/>\nF : 866-242-4350<br \/>\nE :\u00a0<a href=\"mailto:sales@tr2corp.com\">sales@tr2corp.com<\/a><\/p>\n<p><strong>OmegaFlex, Inc.<\/strong><br \/>\nRodney Thompson<br \/>\n451 Creamery Way<br \/>\nExton, PA 19341<br \/>\nM : 859-444-2634<br \/>\nE : <a href=\"mailto:rodney.thompson@omegaflex.com\" target=\"_blank\" rel=\"noopener noreferrer\">rodney.thompson@omegaflex.com<\/a><\/p>\n<p>Pour revenir \u00e0 la carte de localisation des repr\u00e9sentants commerciaux <a href=\"\/fr\/representatives\/\">cliquez ici<\/a>.\n<\/div>\n<div class=\"one_third\"><img loading=\"lazy\" decoding=\"async\" class=\"alignnone size-full wp-image-2331\" src=\"\/wp-content\/uploads\/photo-gas.jpg\" alt=\"Fuel Hose &amp; Piping Systems\" width=\"350\" height=\"265\" srcset=\"https:\/\/www.doubletrac.net\/wp-content\/uploads\/photo-gas.jpg 350w, https:\/\/www.doubletrac.net\/wp-content\/uploads\/photo-gas-300x227.jpg 300w\" sizes=\"auto, (max-width: 350px) 100vw, 350px\" \/><\/div>","protected":false},"excerpt":{"rendered":"<p>OmegaFlex\u00ae Piping &amp; Hose Supplier in District of Columbia (en anglais)<\/p>","protected":false},"author":1,"featured_media":0,"parent":2336,"menu_order":0,"comment_status":"open","ping_status":"closed","template":"","meta":{"footnotes":""},"class_list":["post-2390","page","type-page","status-publish","hentry"],"yoast_head":"<!-- This site is optimized with the Yoast SEO plugin v27.0 - https:\/\/yoast.com\/product\/yoast-seo-wordpress\/ -->\n<title>Fuel Hose &amp; Metal Piping Supplier | District of Columbia - OmegaFlex<\/title>\n<meta name=\"description\" content=\"Learn more about the petroleum piping systems and flexible metal piping products that that we offer. Call your District of Columbia Representative today!\" \/>\n<meta name=\"robots\" content=\"index, follow, max-snippet:-1, max-image-preview:large, max-video-preview:-1\" \/>\n<link rel=\"canonical\" href=\"https:\/\/www.doubletrac.net\/fr\/representatives\/district-of-columbia\/\" \/>\n<meta property=\"og:locale\" content=\"fr_CA\" \/>\n<meta property=\"og:type\" content=\"article\" \/>\n<meta property=\"og:title\" content=\"Fuel Hose &amp; Metal Piping Supplier | District of Columbia - OmegaFlex\" \/>\n<meta property=\"og:description\" content=\"Learn more about the petroleum piping systems and flexible metal piping products that that we offer. Call your District of Columbia Representative today!\" \/>\n<meta property=\"og:url\" content=\"https:\/\/www.doubletrac.net\/fr\/representatives\/district-of-columbia\/\" \/>\n<meta property=\"og:site_name\" content=\"DoubleTrac Petroleum Piping\" \/>\n<meta property=\"article:modified_time\" content=\"2020-04-28T02:42:15+00:00\" \/>\n<script type=\"application\/ld+json\" class=\"yoast-schema-graph\">{\"@context\":\"https:\/\/schema.org\",\"@graph\":[{\"@type\":\"WebPage\",\"@id\":\"https:\/\/www.doubletrac.net\/representatives\/district-of-columbia\/\",\"url\":\"https:\/\/www.doubletrac.net\/representatives\/district-of-columbia\/\",\"name\":\"Fuel Hose & Metal Piping Supplier | District of Columbia - OmegaFlex\",\"isPartOf\":{\"@id\":\"https:\/\/www.doubletrac.net\/#website\"},\"datePublished\":\"2014-06-05T14:53:01+00:00\",\"dateModified\":\"2020-04-28T02:42:15+00:00\",\"description\":\"Learn more about the petroleum piping systems and flexible metal piping products that that we offer. Call your District of Columbia Representative today!\",\"breadcrumb\":{\"@id\":\"https:\/\/www.doubletrac.net\/representatives\/district-of-columbia\/#breadcrumb\"},\"inLanguage\":\"fr-CA\",\"potentialAction\":[{\"@type\":\"ReadAction\",\"target\":[\"https:\/\/www.doubletrac.net\/representatives\/district-of-columbia\/\"]}]},{\"@type\":\"BreadcrumbList\",\"@id\":\"https:\/\/www.doubletrac.net\/representatives\/district-of-columbia\/#breadcrumb\",\"itemListElement\":[{\"@type\":\"ListItem\",\"position\":1,\"name\":\"Home\",\"item\":\"https:\/\/www.doubletrac.net\/\"},{\"@type\":\"ListItem\",\"position\":2,\"name\":\"Representatives\",\"item\":\"https:\/\/www.doubletrac.net\/representatives\/\"},{\"@type\":\"ListItem\",\"position\":3,\"name\":\"District Of Columbia\"}]},{\"@type\":\"WebSite\",\"@id\":\"https:\/\/www.doubletrac.net\/#website\",\"url\":\"https:\/\/www.doubletrac.net\/\",\"name\":\"DoubleTrac Petroleum Piping\",\"description\":\"\",\"potentialAction\":[{\"@type\":\"SearchAction\",\"target\":{\"@type\":\"EntryPoint\",\"urlTemplate\":\"https:\/\/www.doubletrac.net\/?s={search_term_string}\"},\"query-input\":{\"@type\":\"PropertyValueSpecification\",\"valueRequired\":true,\"valueName\":\"search_term_string\"}}],\"inLanguage\":\"fr-CA\"}]}<\/script>\n<!-- \/ Yoast SEO plugin. -->","yoast_head_json":{"title":"Fournisseur de tuyaux de carburant et de tuyauterie m\u00e9tallique | District of Columbia - OmegaFlex","description":"En savoir plus sur les syst\u00e8mes de tuyauterie p\u00e9troli\u00e8re et les produits de tuyauterie m\u00e9tallique flexible que nous proposons. Appelez votre repr\u00e9sentant du district de Columbia d\u00e8s aujourd'hui !","robots":{"index":"index","follow":"follow","max-snippet":"max-snippet:-1","max-image-preview":"max-image-preview:large","max-video-preview":"max-video-preview:-1"},"canonical":"https:\/\/www.doubletrac.net\/fr\/representatives\/district-of-columbia\/","og_locale":"fr_CA","og_type":"article","og_title":"Fuel Hose & Metal Piping Supplier | District of Columbia - OmegaFlex","og_description":"Learn more about the petroleum piping systems and flexible metal piping products that that we offer. Call your District of Columbia Representative today!","og_url":"https:\/\/www.doubletrac.net\/fr\/representatives\/district-of-columbia\/","og_site_name":"DoubleTrac Petroleum Piping","article_modified_time":"2020-04-28T02:42:15+00:00","schema":{"@context":"https:\/\/schema.org","@graph":[{"@type":"WebPage","@id":"https:\/\/www.doubletrac.net\/representatives\/district-of-columbia\/","url":"https:\/\/www.doubletrac.net\/representatives\/district-of-columbia\/","name":"Fournisseur de tuyaux de carburant et de tuyauterie m\u00e9tallique | District of Columbia - OmegaFlex","isPartOf":{"@id":"https:\/\/www.doubletrac.net\/#website"},"datePublished":"2014-06-05T14:53:01+00:00","dateModified":"2020-04-28T02:42:15+00:00","description":"En savoir plus sur les syst\u00e8mes de tuyauterie p\u00e9troli\u00e8re et les produits de tuyauterie m\u00e9tallique flexible que nous proposons. Appelez votre repr\u00e9sentant du district de Columbia d\u00e8s aujourd'hui !","breadcrumb":{"@id":"https:\/\/www.doubletrac.net\/representatives\/district-of-columbia\/#breadcrumb"},"inLanguage":"fr-CA","potentialAction":[{"@type":"ReadAction","target":["https:\/\/www.doubletrac.net\/representatives\/district-of-columbia\/"]}]},{"@type":"BreadcrumbList","@id":"https:\/\/www.doubletrac.net\/representatives\/district-of-columbia\/#breadcrumb","itemListElement":[{"@type":"ListItem","position":1,"name":"Home","item":"https:\/\/www.doubletrac.net\/"},{"@type":"ListItem","position":2,"name":"Representatives","item":"https:\/\/www.doubletrac.net\/representatives\/"},{"@type":"ListItem","position":3,"name":"District Of Columbia"}]},{"@type":"WebSite","@id":"https:\/\/www.doubletrac.net\/#website","url":"https:\/\/www.doubletrac.net\/","name":"DoubleTrac Petroleum Piping","description":"","potentialAction":[{"@type":"SearchAction","target":{"@type":"EntryPoint","urlTemplate":"https:\/\/www.doubletrac.net\/?s={search_term_string}"},"query-input":{"@type":"PropertyValueSpecification","valueRequired":true,"valueName":"search_term_string"}}],"inLanguage":"fr-CA"}]}},"_links":{"self":[{"href":"https:\/\/www.doubletrac.net\/fr\/wp-json\/wp\/v2\/pages\/2390","targetHints":{"allow":["GET"]}}],"collection":[{"href":"https:\/\/www.doubletrac.net\/fr\/wp-json\/wp\/v2\/pages"}],"about":[{"href":"https:\/\/www.doubletrac.net\/fr\/wp-json\/wp\/v2\/types\/page"}],"author":[{"embeddable":true,"href":"https:\/\/www.doubletrac.net\/fr\/wp-json\/wp\/v2\/users\/1"}],"replies":[{"embeddable":true,"href":"https:\/\/www.doubletrac.net\/fr\/wp-json\/wp\/v2\/comments?post=2390"}],"version-history":[{"count":0,"href":"https:\/\/www.doubletrac.net\/fr\/wp-json\/wp\/v2\/pages\/2390\/revisions"}],"up":[{"embeddable":true,"href":"https:\/\/www.doubletrac.net\/fr\/wp-json\/wp\/v2\/pages\/2336"}],"wp:attachment":[{"href":"https:\/\/www.doubletrac.net\/fr\/wp-json\/wp\/v2\/media?parent=2390"}],"curies":[{"name":"wp","href":"https:\/\/api.w.org\/{rel}","templated":true}]}}