{"id":2844,"date":"2014-12-17T14:46:05","date_gmt":"2014-12-17T19:46:05","guid":{"rendered":"https:\/\/www.doubletrac.net\/?page_id=2844"},"modified":"2014-12-17T15:08:22","modified_gmt":"2014-12-17T20:08:22","slug":"contact","status":"publish","type":"page","link":"https:\/\/www.doubletrac.net\/fr\/contact\/","title":{"rendered":"Nous envoyer un courriel"},"content":{"rendered":"<h1>Nous envoyer un courriel<\/h1>\n<div class=\"two_thirds\">\n<p>Pour parler \u00e0 votre interlocuteur local DoubleTrac<sup>\u2283<\/sup> veuillez utiliser notre formulaire de contact. <a href=\"\/fr\/representatives\/\">Rep Finder<\/a>.<\/p>\n<p>Pour obtenir des informations ou des renseignements g\u00e9n\u00e9raux, veuillez remplir le formulaire de contact ci-dessous ou nous contacter par courrier ou par t\u00e9l\u00e9phone. A DoubleTrac<sup>\u2283<\/sup> vous assistera dans les meilleurs d\u00e9lais.<\/p>\n<h2>Parlez-nous de vous<\/h2>\n<div class=\"wpcf7 no-js\" id=\"wpcf7-f2846-o1\" lang=\"en-US\" dir=\"ltr\" data-wpcf7-id=\"2846\">\n<div class=\"screen-reader-response\">\n<p role=\"status\" aria-live=\"polite\" aria-atomic=\"true\">\n<ul><\/ul>\n<\/div>\n<form action=\"\/fr\/wp-json\/wp\/v2\/pages\/2844#wpcf7-f2846-o1\" method=\"post\" class=\"wpcf7-form init\" aria-label=\"Formulaire de contact\" novalidate=\"novalidate\" data-status=\"init\" data-trp-original-action=\"\/fr\/wp-json\/wp\/v2\/pages\/2844#wpcf7-f2846-o1\">\n<fieldset class=\"hidden-fields-container\"><input type=\"hidden\" name=\"_wpcf7\" value=\"2846\" \/><input type=\"hidden\" name=\"_wpcf7_version\" value=\"6.1.5\" \/><input type=\"hidden\" name=\"_wpcf7_locale\" value=\"en_US\" \/><input type=\"hidden\" name=\"_wpcf7_unit_tag\" value=\"wpcf7-f2846-o1\" \/><input type=\"hidden\" name=\"_wpcf7_container_post\" value=\"0\" \/><input type=\"hidden\" name=\"_wpcf7_posted_data_hash\" value=\"\" \/><br \/>\n<\/fieldset>\n<p><span class=\"wpcf7-form-control-wrap\" data-name=\"organization\"><input size=\"40\" maxlength=\"400\" class=\"wpcf7-form-control wpcf7-text\" aria-invalid=\"false\" placeholder=\"Organisation\" value=\"\" type=\"text\" name=\"organization\" \/><\/span>\n<\/p>\n<p><span class=\"wpcf7-form-control-wrap\" data-name=\"fname\"><input size=\"40\" maxlength=\"400\" class=\"wpcf7-form-control wpcf7-text wpcf7-validates-as-required\" aria-required=\"true\" aria-invalid=\"false\" placeholder=\"Pr\u00e9nom *\" value=\"\" type=\"text\" name=\"fname\" \/><\/span>\n<\/p>\n<p><span class=\"wpcf7-form-control-wrap\" data-name=\"lname\"><input size=\"40\" maxlength=\"400\" class=\"wpcf7-form-control wpcf7-text wpcf7-validates-as-required\" aria-required=\"true\" aria-invalid=\"false\" placeholder=\"Nom de famille *\" value=\"\" type=\"text\" name=\"lname\" \/><\/span>\n<\/p>\n<p><span class=\"wpcf7-form-control-wrap\" data-name=\"address\"><input size=\"40\" maxlength=\"400\" class=\"wpcf7-form-control wpcf7-text\" aria-invalid=\"false\" placeholder=\"Adresse\" value=\"\" type=\"text\" name=\"address\" \/><\/span>\n<\/p>\n<p><span class=\"wpcf7-form-control-wrap\" data-name=\"suite\"><input size=\"40\" maxlength=\"400\" class=\"wpcf7-form-control wpcf7-text\" aria-invalid=\"false\" placeholder=\"Suite\" value=\"\" type=\"text\" name=\"suite\" \/><\/span>\n<\/p>\n<p><span class=\"wpcf7-form-control-wrap\" data-name=\"city\"><input size=\"40\" maxlength=\"400\" class=\"wpcf7-form-control wpcf7-text\" aria-invalid=\"false\" placeholder=\"Ville\" value=\"\" type=\"text\" name=\"city\" \/><\/span>\n<\/p>\n<p><span class=\"wpcf7-form-control-wrap\" data-name=\"state\"><input size=\"40\" maxlength=\"400\" class=\"wpcf7-form-control wpcf7-text\" aria-invalid=\"false\" placeholder=\"\u00c9tat\" value=\"\" type=\"text\" name=\"state\" \/><\/span>\n<\/p>\n<p><span class=\"wpcf7-form-control-wrap\" data-name=\"phone\"><input size=\"40\" maxlength=\"400\" class=\"wpcf7-form-control wpcf7-text wpcf7-validates-as-required\" aria-required=\"true\" aria-invalid=\"false\" placeholder=\"T\u00e9l\u00e9phone *\" value=\"\" type=\"text\" name=\"phone\" \/><\/span>\n<\/p>\n<p><span class=\"wpcf7-form-control-wrap\" data-name=\"fax\"><input size=\"40\" maxlength=\"400\" class=\"wpcf7-form-control wpcf7-text\" aria-invalid=\"false\" placeholder=\"Fax\" value=\"\" type=\"text\" name=\"fax\" \/><\/span>\n<\/p>\n<p><span class=\"wpcf7-form-control-wrap\" data-name=\"website\"><input size=\"40\" maxlength=\"400\" class=\"wpcf7-form-control wpcf7-text\" aria-invalid=\"false\" placeholder=\"Site web\" value=\"\" type=\"text\" name=\"website\" \/><\/span>\n<\/p>\n<p><span class=\"wpcf7-form-control-wrap\" data-name=\"email\"><input size=\"40\" maxlength=\"400\" class=\"wpcf7-form-control wpcf7-email wpcf7-validates-as-required wpcf7-text wpcf7-validates-as-email\" aria-required=\"true\" aria-invalid=\"false\" placeholder=\"Courriel *\" value=\"\" type=\"email\" name=\"email\" \/><\/span>\n<\/p>\n<p><span class=\"wpcf7-form-control-wrap\" data-name=\"message\"><textarea cols=\"40\" rows=\"10\" maxlength=\"2000\" class=\"wpcf7-form-control wpcf7-textarea\" aria-invalid=\"false\" placeholder=\"Commentaires suppl\u00e9mentaires\" name=\"message\"><\/textarea><\/span>\n<\/p>\n<p><input class=\"wpcf7-form-control wpcf7-submit has-spinner\" type=\"submit\" value=\"Soumettre le formulaire\" \/>\n<\/p>\n<div class=\"wpcf7-response-output\" aria-hidden=\"true\"><\/div>\n<input type=\"hidden\" name=\"trp-form-language\" value=\"fr\"\/><\/form>\n<\/div>\n<\/div>\n<div class=\"one_third\"><iframe loading=\"lazy\" style=\"float:right;\" width=\"200\" height=\"150\" src=\"\/\/www.youtube.com\/embed\/GvQ6jIJbxJY?rel=0&#038;showinfo=0\" frameborder=\"0\" allowfullscreen><\/iframe><\/div>","protected":false},"excerpt":{"rendered":"<p>Nous envoyer un courriel<\/p>","protected":false},"author":1,"featured_media":0,"parent":0,"menu_order":0,"comment_status":"open","ping_status":"closed","template":"","meta":{"footnotes":""},"class_list":["post-2844","page","type-page","status-publish","hentry"],"yoast_head":"<!-- This site is optimized with the Yoast SEO plugin v27.0 - https:\/\/yoast.com\/product\/yoast-seo-wordpress\/ -->\n<title>Email Us - DoubleTrac Petroleum Piping<\/title>\n<meta name=\"robots\" content=\"index, follow, max-snippet:-1, max-image-preview:large, max-video-preview:-1\" \/>\n<link rel=\"canonical\" href=\"https:\/\/www.doubletrac.net\/fr\/contact\/\" \/>\n<meta property=\"og:locale\" content=\"fr_CA\" \/>\n<meta property=\"og:type\" content=\"article\" \/>\n<meta property=\"og:title\" content=\"Email Us - DoubleTrac Petroleum Piping\" \/>\n<meta property=\"og:description\" content=\"Email Us\" \/>\n<meta property=\"og:url\" content=\"https:\/\/www.doubletrac.net\/fr\/contact\/\" \/>\n<meta property=\"og:site_name\" content=\"DoubleTrac Petroleum Piping\" \/>\n<meta property=\"article:modified_time\" content=\"2014-12-17T20:08:22+00:00\" \/>\n<script type=\"application\/ld+json\" class=\"yoast-schema-graph\">{\"@context\":\"https:\/\/schema.org\",\"@graph\":[{\"@type\":\"WebPage\",\"@id\":\"https:\/\/www.doubletrac.net\/contact\/\",\"url\":\"https:\/\/www.doubletrac.net\/contact\/\",\"name\":\"Email Us - DoubleTrac Petroleum Piping\",\"isPartOf\":{\"@id\":\"https:\/\/www.doubletrac.net\/#website\"},\"datePublished\":\"2014-12-17T19:46:05+00:00\",\"dateModified\":\"2014-12-17T20:08:22+00:00\",\"breadcrumb\":{\"@id\":\"https:\/\/www.doubletrac.net\/contact\/#breadcrumb\"},\"inLanguage\":\"fr-CA\",\"potentialAction\":[{\"@type\":\"ReadAction\",\"target\":[\"https:\/\/www.doubletrac.net\/contact\/\"]}]},{\"@type\":\"BreadcrumbList\",\"@id\":\"https:\/\/www.doubletrac.net\/contact\/#breadcrumb\",\"itemListElement\":[{\"@type\":\"ListItem\",\"position\":1,\"name\":\"Home\",\"item\":\"https:\/\/www.doubletrac.net\/\"},{\"@type\":\"ListItem\",\"position\":2,\"name\":\"Email Us\"}]},{\"@type\":\"WebSite\",\"@id\":\"https:\/\/www.doubletrac.net\/#website\",\"url\":\"https:\/\/www.doubletrac.net\/\",\"name\":\"DoubleTrac Petroleum Piping\",\"description\":\"\",\"potentialAction\":[{\"@type\":\"SearchAction\",\"target\":{\"@type\":\"EntryPoint\",\"urlTemplate\":\"https:\/\/www.doubletrac.net\/?s={search_term_string}\"},\"query-input\":{\"@type\":\"PropertyValueSpecification\",\"valueRequired\":true,\"valueName\":\"search_term_string\"}}],\"inLanguage\":\"fr-CA\"}]}<\/script>\n<!-- \/ Yoast SEO plugin. -->","yoast_head_json":{"title":"Contactez-nous - DoubleTrac Petroleum Piping","robots":{"index":"index","follow":"follow","max-snippet":"max-snippet:-1","max-image-preview":"max-image-preview:large","max-video-preview":"max-video-preview:-1"},"canonical":"https:\/\/www.doubletrac.net\/fr\/contact\/","og_locale":"fr_CA","og_type":"article","og_title":"Email Us - DoubleTrac Petroleum Piping","og_description":"Email Us","og_url":"https:\/\/www.doubletrac.net\/fr\/contact\/","og_site_name":"DoubleTrac Petroleum Piping","article_modified_time":"2014-12-17T20:08:22+00:00","schema":{"@context":"https:\/\/schema.org","@graph":[{"@type":"WebPage","@id":"https:\/\/www.doubletrac.net\/contact\/","url":"https:\/\/www.doubletrac.net\/contact\/","name":"Contactez-nous - DoubleTrac Petroleum Piping","isPartOf":{"@id":"https:\/\/www.doubletrac.net\/#website"},"datePublished":"2014-12-17T19:46:05+00:00","dateModified":"2014-12-17T20:08:22+00:00","breadcrumb":{"@id":"https:\/\/www.doubletrac.net\/contact\/#breadcrumb"},"inLanguage":"fr-CA","potentialAction":[{"@type":"ReadAction","target":["https:\/\/www.doubletrac.net\/contact\/"]}]},{"@type":"BreadcrumbList","@id":"https:\/\/www.doubletrac.net\/contact\/#breadcrumb","itemListElement":[{"@type":"ListItem","position":1,"name":"Home","item":"https:\/\/www.doubletrac.net\/"},{"@type":"ListItem","position":2,"name":"Email Us"}]},{"@type":"WebSite","@id":"https:\/\/www.doubletrac.net\/#website","url":"https:\/\/www.doubletrac.net\/","name":"DoubleTrac Petroleum Piping","description":"","potentialAction":[{"@type":"SearchAction","target":{"@type":"EntryPoint","urlTemplate":"https:\/\/www.doubletrac.net\/?s={search_term_string}"},"query-input":{"@type":"PropertyValueSpecification","valueRequired":true,"valueName":"search_term_string"}}],"inLanguage":"fr-CA"}]}},"_links":{"self":[{"href":"https:\/\/www.doubletrac.net\/fr\/wp-json\/wp\/v2\/pages\/2844","targetHints":{"allow":["GET"]}}],"collection":[{"href":"https:\/\/www.doubletrac.net\/fr\/wp-json\/wp\/v2\/pages"}],"about":[{"href":"https:\/\/www.doubletrac.net\/fr\/wp-json\/wp\/v2\/types\/page"}],"author":[{"embeddable":true,"href":"https:\/\/www.doubletrac.net\/fr\/wp-json\/wp\/v2\/users\/1"}],"replies":[{"embeddable":true,"href":"https:\/\/www.doubletrac.net\/fr\/wp-json\/wp\/v2\/comments?post=2844"}],"version-history":[{"count":0,"href":"https:\/\/www.doubletrac.net\/fr\/wp-json\/wp\/v2\/pages\/2844\/revisions"}],"wp:attachment":[{"href":"https:\/\/www.doubletrac.net\/fr\/wp-json\/wp\/v2\/media?parent=2844"}],"curies":[{"name":"wp","href":"https:\/\/api.w.org\/{rel}","templated":true}]}}