{"id":2902,"date":"2015-08-31T12:42:27","date_gmt":"2015-08-31T16:42:27","guid":{"rendered":"https:\/\/www.doubletrac.net\/?page_id=2902"},"modified":"2026-02-03T11:53:08","modified_gmt":"2026-02-03T16:53:08","slug":"flex-connector","status":"publish","type":"page","link":"https:\/\/www.doubletrac.net\/fr\/flex-connector\/","title":{"rendered":"Connecteur Flex"},"content":{"rendered":"<h1>DoubleTrac<sup>\u00ae<\/sup> Connecteur Flex<\/h1>\n<div class=\"two_thirds\">\n<p><strong>DoubleTrac\u00ae s'installe plus facilement - et r\u00e9duit les co\u00fbts d'installation.<\/strong><\/p>\n<p>OmegaFlex jouit d'une r\u00e9putation bien m\u00e9rit\u00e9e en tant que leader de la technologie des tuyauteries flexibles et a d\u00e9velopp\u00e9 un certain nombre de produits uniques de tuyauterie ondul\u00e9e sp\u00e9cialement destin\u00e9s \u00e0 la distribution de combustibles liquides et gazeux, notamment les produits suivants <strong>DoubleTrac<\/strong> connecteur flexible.<\/p>\n<p><strong>DoubleTrac<sup>\u00ae<\/sup> cr\u00e9e un syst\u00e8me plus s\u00fbr pour l'environnement<\/strong><\/p>\n<p>OmegaFlex <strong>DoubleTrac<\/strong> sont fabriqu\u00e9s \u00e0 partir d'un noyau interne ondul\u00e9 en acier inoxydable T316L \u00e0 paroi \u00e9paisse, avec des raccords d'extr\u00e9mit\u00e9 en acier inoxydable. Les <strong>DoubleTrac<\/strong> Le connecteur flex se connecte facilement \u00e0 d'autres composants du syst\u00e8me de tuyauterie ; la construction enti\u00e8rement en acier inoxydable est conforme \u00e0 la norme NFPA 30\/30A et est r\u00e9pertori\u00e9e selon la norme UL 2039.<\/p>\n<h3 id=\"literature\">Litt\u00e9rature sur les produits<\/h3>\n<ul class=\"ul-norm\">\n<li><a href=\"https:\/\/www.doubletrac.net\/wp-content\/uploads\/DBT-191-Rev-0323.pdf\">Brochure sur les connecteurs DoubleTrac Flex, DBT-191, REV. 3\/23<\/a><\/li>\n<\/ul>\n<h3 id=\"pricing\">Prix des produits<\/h3>\n<ul class=\"ul-norm\">\n<li><a href=\"https:\/\/www.doubletrac.net\/wp-content\/uploads\/DBT-192-Flex-Conn-List-Price-Rev-0126.pdf\">Liste des prix des connecteurs DoubleTrac Flex, DBT-192, REV. 01-26<\/a><\/li>\n<\/ul>\n<p><strong>Documents techniques<\/strong><\/p>\n<ul class=\"ul-norm\">\n<li><a href=\"\/wp-content\/uploads\/Doubletrac-Flex-Connector-Installation-DBT-190.pdf\" target=\"_blank\" rel=\"noopener noreferrer\">DoubleTrac<sup>\u00ae<\/sup> Instructions d'installation<\/a><\/li>\n<\/ul>\n<h3 id=\"listings\">Listes et approbations<\/h3>\n<ul class=\"ul-norm\">\n<li><a href=\"\/wp-content\/uploads\/MH60140-20150701-UL-Listing.pdf\" target=\"_blank\" rel=\"noopener noreferrer\">Liste UL<\/a><\/li>\n<\/ul>\n<\/div>\n<div class=\"one_third\"><img loading=\"lazy\" decoding=\"async\" class=\"alignnone size-full wp-image-2529 image-side\" src=\"\/wp-content\/uploads\/flex-connector.jpg\" alt=\"DoubleTrac Flex Connector\" width=\"500\" height=\"474\" \/><\/div>","protected":false},"excerpt":{"rendered":"<p>Connecteur DoubleTrac\u00ae Flex<\/p>","protected":false},"author":1,"featured_media":0,"parent":0,"menu_order":0,"comment_status":"open","ping_status":"closed","template":"","meta":{"footnotes":""},"class_list":["post-2902","page","type-page","status-publish","hentry"],"yoast_head":"<!-- This site is optimized with the Yoast SEO plugin v27.0 - https:\/\/yoast.com\/product\/yoast-seo-wordpress\/ -->\n<title>Flex Connector - DoubleTrac Petroleum Piping<\/title>\n<meta name=\"robots\" content=\"index, follow, max-snippet:-1, max-image-preview:large, max-video-preview:-1\" \/>\n<link rel=\"canonical\" href=\"https:\/\/www.doubletrac.net\/fr\/flex-connector\/\" \/>\n<meta property=\"og:locale\" content=\"fr_CA\" \/>\n<meta property=\"og:type\" content=\"article\" \/>\n<meta property=\"og:title\" content=\"Flex Connector - DoubleTrac Petroleum Piping\" \/>\n<meta property=\"og:description\" content=\"DoubleTrac\u00ae Flex Connector\" \/>\n<meta property=\"og:url\" content=\"https:\/\/www.doubletrac.net\/fr\/flex-connector\/\" \/>\n<meta property=\"og:site_name\" content=\"DoubleTrac Petroleum Piping\" \/>\n<meta property=\"article:modified_time\" content=\"2026-02-03T16:53:08+00:00\" \/>\n<meta name=\"twitter:label1\" content=\"Est. reading time\" \/>\n\t<meta name=\"twitter:data1\" content=\"1 minute\" \/>\n<script type=\"application\/ld+json\" class=\"yoast-schema-graph\">{\"@context\":\"https:\/\/schema.org\",\"@graph\":[{\"@type\":\"WebPage\",\"@id\":\"https:\/\/www.doubletrac.net\/flex-connector\/\",\"url\":\"https:\/\/www.doubletrac.net\/flex-connector\/\",\"name\":\"Flex Connector - DoubleTrac Petroleum Piping\",\"isPartOf\":{\"@id\":\"https:\/\/www.doubletrac.net\/#website\"},\"datePublished\":\"2015-08-31T16:42:27+00:00\",\"dateModified\":\"2026-02-03T16:53:08+00:00\",\"breadcrumb\":{\"@id\":\"https:\/\/www.doubletrac.net\/flex-connector\/#breadcrumb\"},\"inLanguage\":\"fr-CA\",\"potentialAction\":[{\"@type\":\"ReadAction\",\"target\":[\"https:\/\/www.doubletrac.net\/flex-connector\/\"]}]},{\"@type\":\"BreadcrumbList\",\"@id\":\"https:\/\/www.doubletrac.net\/flex-connector\/#breadcrumb\",\"itemListElement\":[{\"@type\":\"ListItem\",\"position\":1,\"name\":\"Home\",\"item\":\"https:\/\/www.doubletrac.net\/\"},{\"@type\":\"ListItem\",\"position\":2,\"name\":\"Flex Connector\"}]},{\"@type\":\"WebSite\",\"@id\":\"https:\/\/www.doubletrac.net\/#website\",\"url\":\"https:\/\/www.doubletrac.net\/\",\"name\":\"DoubleTrac Petroleum Piping\",\"description\":\"\",\"potentialAction\":[{\"@type\":\"SearchAction\",\"target\":{\"@type\":\"EntryPoint\",\"urlTemplate\":\"https:\/\/www.doubletrac.net\/?s={search_term_string}\"},\"query-input\":{\"@type\":\"PropertyValueSpecification\",\"valueRequired\":true,\"valueName\":\"search_term_string\"}}],\"inLanguage\":\"fr-CA\"}]}<\/script>\n<!-- \/ Yoast SEO plugin. -->","yoast_head_json":{"title":"Connecteur Flex - DoubleTrac Petroleum Piping","robots":{"index":"index","follow":"follow","max-snippet":"max-snippet:-1","max-image-preview":"max-image-preview:large","max-video-preview":"max-video-preview:-1"},"canonical":"https:\/\/www.doubletrac.net\/fr\/flex-connector\/","og_locale":"fr_CA","og_type":"article","og_title":"Flex Connector - DoubleTrac Petroleum Piping","og_description":"DoubleTrac\u00ae Flex Connector","og_url":"https:\/\/www.doubletrac.net\/fr\/flex-connector\/","og_site_name":"DoubleTrac Petroleum Piping","article_modified_time":"2026-02-03T16:53:08+00:00","twitter_misc":{"Est. reading time":"1 minute"},"schema":{"@context":"https:\/\/schema.org","@graph":[{"@type":"WebPage","@id":"https:\/\/www.doubletrac.net\/flex-connector\/","url":"https:\/\/www.doubletrac.net\/flex-connector\/","name":"Connecteur Flex - DoubleTrac Petroleum Piping","isPartOf":{"@id":"https:\/\/www.doubletrac.net\/#website"},"datePublished":"2015-08-31T16:42:27+00:00","dateModified":"2026-02-03T16:53:08+00:00","breadcrumb":{"@id":"https:\/\/www.doubletrac.net\/flex-connector\/#breadcrumb"},"inLanguage":"fr-CA","potentialAction":[{"@type":"ReadAction","target":["https:\/\/www.doubletrac.net\/flex-connector\/"]}]},{"@type":"BreadcrumbList","@id":"https:\/\/www.doubletrac.net\/flex-connector\/#breadcrumb","itemListElement":[{"@type":"ListItem","position":1,"name":"Home","item":"https:\/\/www.doubletrac.net\/"},{"@type":"ListItem","position":2,"name":"Flex Connector"}]},{"@type":"WebSite","@id":"https:\/\/www.doubletrac.net\/#website","url":"https:\/\/www.doubletrac.net\/","name":"DoubleTrac Petroleum Piping","description":"","potentialAction":[{"@type":"SearchAction","target":{"@type":"EntryPoint","urlTemplate":"https:\/\/www.doubletrac.net\/?s={search_term_string}"},"query-input":{"@type":"PropertyValueSpecification","valueRequired":true,"valueName":"search_term_string"}}],"inLanguage":"fr-CA"}]}},"_links":{"self":[{"href":"https:\/\/www.doubletrac.net\/fr\/wp-json\/wp\/v2\/pages\/2902","targetHints":{"allow":["GET"]}}],"collection":[{"href":"https:\/\/www.doubletrac.net\/fr\/wp-json\/wp\/v2\/pages"}],"about":[{"href":"https:\/\/www.doubletrac.net\/fr\/wp-json\/wp\/v2\/types\/page"}],"author":[{"embeddable":true,"href":"https:\/\/www.doubletrac.net\/fr\/wp-json\/wp\/v2\/users\/1"}],"replies":[{"embeddable":true,"href":"https:\/\/www.doubletrac.net\/fr\/wp-json\/wp\/v2\/comments?post=2902"}],"version-history":[{"count":0,"href":"https:\/\/www.doubletrac.net\/fr\/wp-json\/wp\/v2\/pages\/2902\/revisions"}],"wp:attachment":[{"href":"https:\/\/www.doubletrac.net\/fr\/wp-json\/wp\/v2\/media?parent=2902"}],"curies":[{"name":"wp","href":"https:\/\/api.w.org\/{rel}","templated":true}]}}