{"id":3256,"date":"2018-01-26T10:38:18","date_gmt":"2018-01-26T15:38:18","guid":{"rendered":"https:\/\/www.doubletrac.net\/?page_id=3256"},"modified":"2018-01-26T11:02:18","modified_gmt":"2018-01-26T16:02:18","slug":"terms-of-use","status":"publish","type":"page","link":"https:\/\/www.doubletrac.net\/fr\/terms-of-use\/","title":{"rendered":"Conditions d'utilisation"},"content":{"rendered":"<p>Bienvenue sur notre site web. Si vous continuez \u00e0 naviguer et \u00e0 utiliser ce site web, vous acceptez de vous conformer et d'\u00eatre li\u00e9 par les conditions d'utilisation suivantes, qui, avec notre politique de confidentialit\u00e9, r\u00e9gissent les relations entre Omega Flex, Inc. et vous en ce qui concerne ce site web.<\/p>\n<p>Le terme \"Omega Flex\" ou \"nous\" d\u00e9signe le propri\u00e9taire du site web dont les bureaux sont situ\u00e9s au 451 Creamery Way, Exton, PA 19341. Le terme \"vous\" d\u00e9signe l'utilisateur ou le visiteur de notre site web.<\/p>\n<p>L'utilisation de ce site web est soumise aux conditions d'utilisation suivantes :<\/p>\n<ul>\n<li>Le contenu des pages de ce site web est destin\u00e9 \u00e0 l'information et \u00e0 l'utilisation g\u00e9n\u00e9rales uniquement. Il peut \u00eatre modifi\u00e9 sans pr\u00e9avis.<\/li>\n<\/ul>\n<ul>\n<li>Ni nous ni aucun tiers ne fournissons de garantie quant \u00e0 l'exactitude, l'actualit\u00e9, la performance, l'exhaustivit\u00e9 ou l'ad\u00e9quation des informations et du mat\u00e9riel trouv\u00e9s ou propos\u00e9s sur ce site web \u00e0 une fin particuli\u00e8re. Vous reconnaissez que ces informations et mat\u00e9riaux peuvent contenir des inexactitudes ou des erreurs et nous excluons express\u00e9ment toute responsabilit\u00e9 pour de telles inexactitudes ou erreurs dans toute la mesure permise par la loi.<\/li>\n<li>L'utilisation d'informations ou de mat\u00e9riel sur ce site se fait enti\u00e8rement \u00e0 vos risques et p\u00e9rils, et nous n'en sommes pas responsables. Il est de votre responsabilit\u00e9 de vous assurer que les produits, services ou informations disponibles sur ce site r\u00e9pondent \u00e0 vos besoins sp\u00e9cifiques.<\/li>\n<li>Ce site web contient du mat\u00e9riel qui nous appartient ou dont nous avons la licence. Ce mat\u00e9riel comprend, sans s'y limiter, la conception, la mise en page, l'aspect, la pr\u00e9sentation et les graphiques. La reproduction est interdite, sauf en conformit\u00e9 avec l'avis de droit d'auteur, qui fait partie des pr\u00e9sentes conditions g\u00e9n\u00e9rales.<\/li>\n<li>Toutes les marques reproduites sur ce site web, qui ne sont pas la propri\u00e9t\u00e9 de l'op\u00e9rateur ou qui ne lui ont pas \u00e9t\u00e9 conc\u00e9d\u00e9es sous licence, sont reconnues sur le site web.<\/li>\n<li>L'utilisation non autoris\u00e9e de ce site web peut donner lieu \u00e0 une demande de dommages-int\u00e9r\u00eats et\/ou constituer une infraction p\u00e9nale.<\/li>\n<li>De temps \u00e0 autre, ce site web peut \u00e9galement inclure des liens vers d'autres sites web. Ces liens sont fournis pour votre commodit\u00e9 afin de vous donner de plus amples informations. Ils ne signifient pas que nous approuvons le(s) site(s) web. Nous ne sommes pas responsables du contenu de ces sites.<\/li>\n<li>Vous ne pouvez pas cr\u00e9er un lien vers ce site web \u00e0 partir d'un autre site web ou d'un autre document sans l'accord \u00e9crit pr\u00e9alable d'Omega Flex.<\/li>\n<li>L'utilisation de ce site web et tout litige d\u00e9coulant de cette utilisation sont soumis aux lois des \u00c9tats-Unis d'Am\u00e9rique.<\/li>\n<\/ul>\n<h2>Avis de droit d'auteur<\/h2>\n<p>Tous les \u00e9l\u00e9ments contenus dans ce site sont prot\u00e9g\u00e9s par la loi am\u00e9ricaine sur les droits d'auteur et ne peuvent \u00eatre reproduits, distribu\u00e9s, transmis, affich\u00e9s, publi\u00e9s ou diffus\u00e9s sans l'autorisation pr\u00e9alable d'Omega Flex. Il est interdit de modifier ou de supprimer toute marque de commerce, tout droit d'auteur ou tout autre avis figurant sur les documents contenus dans ce site.<\/p>\n<p>Vous pouvez t\u00e9l\u00e9charger le contenu, les pages et le mat\u00e9riel t\u00e9l\u00e9chargeable de ce site web pour votre usage personnel et non commercial uniquement.<\/p>","protected":false},"excerpt":{"rendered":"<p>Welcome to our website. If you continue to browse and use this website you are agreeing to comply with and be bound by the following terms and conditions of use, which together with our privacy policy govern Omega Flex, Inc.&#8217;s relationship with you in relation to this website. The term &lsquo;Omega Flex&rsquo; or &lsquo;us&rsquo; or [&hellip;]<\/p>\n","protected":false},"author":1,"featured_media":0,"parent":0,"menu_order":0,"comment_status":"open","ping_status":"closed","template":"","meta":{"footnotes":""},"class_list":["post-3256","page","type-page","status-publish","hentry"],"yoast_head":"<!-- This site is optimized with the Yoast SEO plugin v27.0 - https:\/\/yoast.com\/product\/yoast-seo-wordpress\/ -->\n<title>Terms of Use - OmegaFlex, Inc.<\/title>\n<meta name=\"description\" content=\"If you continue to browse and use this website you are agreeing to comply with and be bound by the following terms and conditions of use, which together with our privacy policy govern Omega Flex, Inc.&#039;s relationship with you in relation to this website.\" \/>\n<meta name=\"robots\" content=\"index, follow, max-snippet:-1, max-image-preview:large, max-video-preview:-1\" \/>\n<link rel=\"canonical\" href=\"https:\/\/www.doubletrac.net\/fr\/terms-of-use\/\" \/>\n<meta property=\"og:locale\" content=\"fr_CA\" \/>\n<meta property=\"og:type\" content=\"article\" \/>\n<meta property=\"og:title\" content=\"Terms of Use - OmegaFlex, Inc.\" \/>\n<meta property=\"og:description\" content=\"If you continue to browse and use this website you are agreeing to comply with and be bound by the following terms and conditions of use, which together with our privacy policy govern Omega Flex, Inc.&#039;s relationship with you in relation to this website.\" \/>\n<meta property=\"og:url\" content=\"https:\/\/www.doubletrac.net\/fr\/terms-of-use\/\" \/>\n<meta property=\"og:site_name\" content=\"DoubleTrac Petroleum Piping\" \/>\n<meta property=\"article:modified_time\" content=\"2018-01-26T16:02:18+00:00\" \/>\n<meta name=\"twitter:label1\" content=\"Est. reading time\" \/>\n\t<meta name=\"twitter:data1\" content=\"2 minutes\" \/>\n<script type=\"application\/ld+json\" class=\"yoast-schema-graph\">{\"@context\":\"https:\/\/schema.org\",\"@graph\":[{\"@type\":\"WebPage\",\"@id\":\"https:\/\/www.doubletrac.net\/terms-of-use\/\",\"url\":\"https:\/\/www.doubletrac.net\/terms-of-use\/\",\"name\":\"Terms of Use - OmegaFlex, Inc.\",\"isPartOf\":{\"@id\":\"https:\/\/www.doubletrac.net\/#website\"},\"datePublished\":\"2018-01-26T15:38:18+00:00\",\"dateModified\":\"2018-01-26T16:02:18+00:00\",\"description\":\"If you continue to browse and use this website you are agreeing to comply with and be bound by the following terms and conditions of use, which together with our privacy policy govern Omega Flex, Inc.'s relationship with you in relation to this website.\",\"breadcrumb\":{\"@id\":\"https:\/\/www.doubletrac.net\/terms-of-use\/#breadcrumb\"},\"inLanguage\":\"fr-CA\",\"potentialAction\":[{\"@type\":\"ReadAction\",\"target\":[\"https:\/\/www.doubletrac.net\/terms-of-use\/\"]}]},{\"@type\":\"BreadcrumbList\",\"@id\":\"https:\/\/www.doubletrac.net\/terms-of-use\/#breadcrumb\",\"itemListElement\":[{\"@type\":\"ListItem\",\"position\":1,\"name\":\"Home\",\"item\":\"https:\/\/www.doubletrac.net\/\"},{\"@type\":\"ListItem\",\"position\":2,\"name\":\"Terms of Use\"}]},{\"@type\":\"WebSite\",\"@id\":\"https:\/\/www.doubletrac.net\/#website\",\"url\":\"https:\/\/www.doubletrac.net\/\",\"name\":\"DoubleTrac Petroleum Piping\",\"description\":\"\",\"potentialAction\":[{\"@type\":\"SearchAction\",\"target\":{\"@type\":\"EntryPoint\",\"urlTemplate\":\"https:\/\/www.doubletrac.net\/?s={search_term_string}\"},\"query-input\":{\"@type\":\"PropertyValueSpecification\",\"valueRequired\":true,\"valueName\":\"search_term_string\"}}],\"inLanguage\":\"fr-CA\"}]}<\/script>\n<!-- \/ Yoast SEO plugin. -->","yoast_head_json":{"title":"Terms of Use - OmegaFlex, Inc.","description":"If you continue to browse and use this website you are agreeing to comply with and be bound by the following terms and conditions of use, which together with our privacy policy govern Omega Flex, Inc.'s relationship with you in relation to this website.","robots":{"index":"index","follow":"follow","max-snippet":"max-snippet:-1","max-image-preview":"max-image-preview:large","max-video-preview":"max-video-preview:-1"},"canonical":"https:\/\/www.doubletrac.net\/fr\/terms-of-use\/","og_locale":"fr_CA","og_type":"article","og_title":"Terms of Use - OmegaFlex, Inc.","og_description":"If you continue to browse and use this website you are agreeing to comply with and be bound by the following terms and conditions of use, which together with our privacy policy govern Omega Flex, Inc.'s relationship with you in relation to this website.","og_url":"https:\/\/www.doubletrac.net\/fr\/terms-of-use\/","og_site_name":"DoubleTrac Petroleum Piping","article_modified_time":"2018-01-26T16:02:18+00:00","twitter_misc":{"Est. reading time":"2 minutes"},"schema":{"@context":"https:\/\/schema.org","@graph":[{"@type":"WebPage","@id":"https:\/\/www.doubletrac.net\/terms-of-use\/","url":"https:\/\/www.doubletrac.net\/terms-of-use\/","name":"Terms of Use - OmegaFlex, Inc.","isPartOf":{"@id":"https:\/\/www.doubletrac.net\/#website"},"datePublished":"2018-01-26T15:38:18+00:00","dateModified":"2018-01-26T16:02:18+00:00","description":"If you continue to browse and use this website you are agreeing to comply with and be bound by the following terms and conditions of use, which together with our privacy policy govern Omega Flex, Inc.'s relationship with you in relation to this website.","breadcrumb":{"@id":"https:\/\/www.doubletrac.net\/terms-of-use\/#breadcrumb"},"inLanguage":"fr-CA","potentialAction":[{"@type":"ReadAction","target":["https:\/\/www.doubletrac.net\/terms-of-use\/"]}]},{"@type":"BreadcrumbList","@id":"https:\/\/www.doubletrac.net\/terms-of-use\/#breadcrumb","itemListElement":[{"@type":"ListItem","position":1,"name":"Home","item":"https:\/\/www.doubletrac.net\/"},{"@type":"ListItem","position":2,"name":"Terms of Use"}]},{"@type":"WebSite","@id":"https:\/\/www.doubletrac.net\/#website","url":"https:\/\/www.doubletrac.net\/","name":"DoubleTrac Petroleum Piping","description":"","potentialAction":[{"@type":"SearchAction","target":{"@type":"EntryPoint","urlTemplate":"https:\/\/www.doubletrac.net\/?s={search_term_string}"},"query-input":{"@type":"PropertyValueSpecification","valueRequired":true,"valueName":"search_term_string"}}],"inLanguage":"fr-CA"}]}},"_links":{"self":[{"href":"https:\/\/www.doubletrac.net\/fr\/wp-json\/wp\/v2\/pages\/3256","targetHints":{"allow":["GET"]}}],"collection":[{"href":"https:\/\/www.doubletrac.net\/fr\/wp-json\/wp\/v2\/pages"}],"about":[{"href":"https:\/\/www.doubletrac.net\/fr\/wp-json\/wp\/v2\/types\/page"}],"author":[{"embeddable":true,"href":"https:\/\/www.doubletrac.net\/fr\/wp-json\/wp\/v2\/users\/1"}],"replies":[{"embeddable":true,"href":"https:\/\/www.doubletrac.net\/fr\/wp-json\/wp\/v2\/comments?post=3256"}],"version-history":[{"count":0,"href":"https:\/\/www.doubletrac.net\/fr\/wp-json\/wp\/v2\/pages\/3256\/revisions"}],"wp:attachment":[{"href":"https:\/\/www.doubletrac.net\/fr\/wp-json\/wp\/v2\/media?parent=3256"}],"curies":[{"name":"wp","href":"https:\/\/api.w.org\/{rel}","templated":true}]}}