{"id":3997,"date":"2024-01-15T16:50:52","date_gmt":"2024-01-15T21:50:52","guid":{"rendered":"https:\/\/www.doubletrac.net\/?page_id=3997"},"modified":"2025-01-23T17:44:27","modified_gmt":"2025-01-23T22:44:27","slug":"where-well-be","status":"publish","type":"page","link":"https:\/\/www.doubletrac.net\/fr\/where-well-be\/","title":{"rendered":"O\u00f9 nous serons"},"content":{"rendered":"<p style=\"text-align: center;\" data-pm-slice=\"1 1 []\">Tout au long de l'ann\u00e9e, DoubleTrac\u00ae sera pr\u00e9sent\u00e9 lors de salons et d'\u00e9v\u00e9nements aux \u00c9tats-Unis et \u00e0 l'\u00e9tranger. Nous vous invitons \u00e0 vous arr\u00eater \u00e0 notre stand pour en savoir plus.<\/p>\n<p style=\"text-align: center;\">1\/28\/2025 - 1\/30\/2025 | <strong>Conf\u00e9rence sur la marina (AMI)<\/strong> | Fort Lauderdale, FL<br \/>\n2\/10\/2025 - 2\/12\/2025 |\u00a0<strong>AHR\u00a0<\/strong>| Orlando, FL<br \/>\n2\/18\/2025 - 2\/20\/2025 | <strong>WPMA<\/strong> | Las Vegas, NV<br \/>\n3\/2\/2025 - 3\/6\/2025 |\u00a0<strong>MCAA\u00a0<\/strong>| Austin, TX<br \/>\n3\/17\/2025 - 3\/19\/2025 |\u00a0<strong>DBIA : Transport\/Aviation<\/strong>\u00a0| National Harbor, MD<br \/>\n3\/19\/2025 - 3\/21\/2025 |\u00a0<strong>DBIA : Eau\/assainissement<\/strong>r | National Harbor, MD<br \/>\n4\/1\/2025 - 4\/3\/2025 | <strong>MPACT<\/strong> | Indianapolis, IN<br \/>\n9\/28\/2025 - 9\/30\/2025 |\u00a0<strong>CPE\u00a0<\/strong>| Lake Buena Vista, FL<br \/>\n10\/14\/2025 - 10\/17\/2025 | <strong>PEI<\/strong> | Las Vegas, NV<br \/>\n11\/5\/2025 - 11\/7\/2025 |\u00a0<strong>DBIA\u00a0<\/strong>| Las Vegas, NV<br \/>\n11\/9\/2025 - 11\/12\/2025 |\u00a0<strong>MSCA<\/strong>\u00a0| Scottsdale, AZ<br \/>\n12\/10\/2025 - 12\/12\/2025 | <strong>Quais<\/strong> <strong>Expo<\/strong> | Nashville, TN<\/p>","protected":false},"excerpt":{"rendered":"<p>Throughout the year, DoubleTrac\u00ae\u00a0will be featured at trade shows and events across the US and abroad. We welcome you to stop by our booth to learn more 1\/28\/2025 \u2013 1\/30\/2025 | Marina Conf. (AMI) | Fort Lauderdale, FL 2\/10\/2025 \u2013 2\/12\/2025 |\u00a0AHR\u00a0| Orlando, FL 2\/18\/2025 \u2013 2\/20\/2025 | WPMA | Las Vegas, NV 3\/2\/2025 \u2013 [&hellip;]<\/p>\n","protected":false},"author":1,"featured_media":0,"parent":0,"menu_order":0,"comment_status":"open","ping_status":"closed","template":"","meta":{"footnotes":""},"class_list":["post-3997","page","type-page","status-publish","hentry"],"yoast_head":"<!-- This site is optimized with the Yoast SEO plugin v27.0 - https:\/\/yoast.com\/product\/yoast-seo-wordpress\/ -->\n<title>Where We&#039;ll Be - DoubleTrac Petroleum Piping<\/title>\n<meta name=\"robots\" content=\"index, follow, max-snippet:-1, max-image-preview:large, max-video-preview:-1\" \/>\n<link rel=\"canonical\" href=\"https:\/\/www.doubletrac.net\/fr\/where-well-be\/\" \/>\n<meta property=\"og:locale\" content=\"fr_CA\" \/>\n<meta property=\"og:type\" content=\"article\" \/>\n<meta property=\"og:title\" content=\"Where We&#039;ll Be - DoubleTrac Petroleum Piping\" \/>\n<meta property=\"og:description\" content=\"Throughout the year, DoubleTrac\u00ae\u00a0will be featured at trade shows and events across the US and abroad. We welcome you to stop by our booth to learn more 1\/28\/2025 \u2013 1\/30\/2025 | Marina Conf. (AMI) | Fort Lauderdale, FL 2\/10\/2025 \u2013 2\/12\/2025 |\u00a0AHR\u00a0| Orlando, FL 2\/18\/2025 \u2013 2\/20\/2025 | WPMA | Las Vegas, NV 3\/2\/2025 \u2013 [&hellip;]\" \/>\n<meta property=\"og:url\" content=\"https:\/\/www.doubletrac.net\/fr\/where-well-be\/\" \/>\n<meta property=\"og:site_name\" content=\"DoubleTrac Petroleum Piping\" \/>\n<meta property=\"article:modified_time\" content=\"2025-01-23T22:44:27+00:00\" \/>\n<meta name=\"twitter:label1\" content=\"Est. reading time\" \/>\n\t<meta name=\"twitter:data1\" content=\"1 minute\" \/>\n<script type=\"application\/ld+json\" class=\"yoast-schema-graph\">{\"@context\":\"https:\/\/schema.org\",\"@graph\":[{\"@type\":\"WebPage\",\"@id\":\"https:\/\/www.doubletrac.net\/where-well-be\/\",\"url\":\"https:\/\/www.doubletrac.net\/where-well-be\/\",\"name\":\"Where We'll Be - DoubleTrac Petroleum Piping\",\"isPartOf\":{\"@id\":\"https:\/\/www.doubletrac.net\/#website\"},\"datePublished\":\"2024-01-15T21:50:52+00:00\",\"dateModified\":\"2025-01-23T22:44:27+00:00\",\"breadcrumb\":{\"@id\":\"https:\/\/www.doubletrac.net\/where-well-be\/#breadcrumb\"},\"inLanguage\":\"fr-CA\",\"potentialAction\":[{\"@type\":\"ReadAction\",\"target\":[\"https:\/\/www.doubletrac.net\/where-well-be\/\"]}]},{\"@type\":\"BreadcrumbList\",\"@id\":\"https:\/\/www.doubletrac.net\/where-well-be\/#breadcrumb\",\"itemListElement\":[{\"@type\":\"ListItem\",\"position\":1,\"name\":\"Home\",\"item\":\"https:\/\/www.doubletrac.net\/\"},{\"@type\":\"ListItem\",\"position\":2,\"name\":\"Where We&#8217;ll Be\"}]},{\"@type\":\"WebSite\",\"@id\":\"https:\/\/www.doubletrac.net\/#website\",\"url\":\"https:\/\/www.doubletrac.net\/\",\"name\":\"DoubleTrac Petroleum Piping\",\"description\":\"\",\"potentialAction\":[{\"@type\":\"SearchAction\",\"target\":{\"@type\":\"EntryPoint\",\"urlTemplate\":\"https:\/\/www.doubletrac.net\/?s={search_term_string}\"},\"query-input\":{\"@type\":\"PropertyValueSpecification\",\"valueRequired\":true,\"valueName\":\"search_term_string\"}}],\"inLanguage\":\"fr-CA\"}]}<\/script>\n<!-- \/ Yoast SEO plugin. -->","yoast_head_json":{"title":"O\u00f9 nous serons - DoubleTrac Petroleum Piping","robots":{"index":"index","follow":"follow","max-snippet":"max-snippet:-1","max-image-preview":"max-image-preview:large","max-video-preview":"max-video-preview:-1"},"canonical":"https:\/\/www.doubletrac.net\/fr\/where-well-be\/","og_locale":"fr_CA","og_type":"article","og_title":"Where We'll Be - DoubleTrac Petroleum Piping","og_description":"Throughout the year, DoubleTrac\u00ae\u00a0will be featured at trade shows and events across the US and abroad. We welcome you to stop by our booth to learn more 1\/28\/2025 \u2013 1\/30\/2025 | Marina Conf. (AMI) | Fort Lauderdale, FL 2\/10\/2025 \u2013 2\/12\/2025 |\u00a0AHR\u00a0| Orlando, FL 2\/18\/2025 \u2013 2\/20\/2025 | WPMA | Las Vegas, NV 3\/2\/2025 \u2013 [&hellip;]","og_url":"https:\/\/www.doubletrac.net\/fr\/where-well-be\/","og_site_name":"DoubleTrac Petroleum Piping","article_modified_time":"2025-01-23T22:44:27+00:00","twitter_misc":{"Est. reading time":"1 minute"},"schema":{"@context":"https:\/\/schema.org","@graph":[{"@type":"WebPage","@id":"https:\/\/www.doubletrac.net\/where-well-be\/","url":"https:\/\/www.doubletrac.net\/where-well-be\/","name":"O\u00f9 nous serons - DoubleTrac Petroleum Piping","isPartOf":{"@id":"https:\/\/www.doubletrac.net\/#website"},"datePublished":"2024-01-15T21:50:52+00:00","dateModified":"2025-01-23T22:44:27+00:00","breadcrumb":{"@id":"https:\/\/www.doubletrac.net\/where-well-be\/#breadcrumb"},"inLanguage":"fr-CA","potentialAction":[{"@type":"ReadAction","target":["https:\/\/www.doubletrac.net\/where-well-be\/"]}]},{"@type":"BreadcrumbList","@id":"https:\/\/www.doubletrac.net\/where-well-be\/#breadcrumb","itemListElement":[{"@type":"ListItem","position":1,"name":"Home","item":"https:\/\/www.doubletrac.net\/"},{"@type":"ListItem","position":2,"name":"Where We&#8217;ll Be"}]},{"@type":"WebSite","@id":"https:\/\/www.doubletrac.net\/#website","url":"https:\/\/www.doubletrac.net\/","name":"DoubleTrac Petroleum Piping","description":"","potentialAction":[{"@type":"SearchAction","target":{"@type":"EntryPoint","urlTemplate":"https:\/\/www.doubletrac.net\/?s={search_term_string}"},"query-input":{"@type":"PropertyValueSpecification","valueRequired":true,"valueName":"search_term_string"}}],"inLanguage":"fr-CA"}]}},"_links":{"self":[{"href":"https:\/\/www.doubletrac.net\/fr\/wp-json\/wp\/v2\/pages\/3997","targetHints":{"allow":["GET"]}}],"collection":[{"href":"https:\/\/www.doubletrac.net\/fr\/wp-json\/wp\/v2\/pages"}],"about":[{"href":"https:\/\/www.doubletrac.net\/fr\/wp-json\/wp\/v2\/types\/page"}],"author":[{"embeddable":true,"href":"https:\/\/www.doubletrac.net\/fr\/wp-json\/wp\/v2\/users\/1"}],"replies":[{"embeddable":true,"href":"https:\/\/www.doubletrac.net\/fr\/wp-json\/wp\/v2\/comments?post=3997"}],"version-history":[{"count":0,"href":"https:\/\/www.doubletrac.net\/fr\/wp-json\/wp\/v2\/pages\/3997\/revisions"}],"wp:attachment":[{"href":"https:\/\/www.doubletrac.net\/fr\/wp-json\/wp\/v2\/media?parent=3997"}],"curies":[{"name":"wp","href":"https:\/\/api.w.org\/{rel}","templated":true}]}}